{"id":1286,"date":"2023-03-29T23:34:38","date_gmt":"2023-03-29T21:34:38","guid":{"rendered":"https:\/\/uk.shop.mindclashgames.com\/?page_id=1286"},"modified":"2023-07-10T23:47:35","modified_gmt":"2023-07-10T21:47:35","slug":"cookie-policy","status":"publish","type":"page","link":"https:\/\/uk.shop.mindclashgames.com\/de\/cookie-policy\/","title":{"rendered":"Cookie-Richtlinie"},"content":{"rendered":"\n<p><em>Zuletzt aktualisiert am 21. Januar 2022<\/em><\/p>\n\n\n\n<p>Diese Cookie-Richtlinie erkl\u00e4rt, wie Mindclash Games GmbH (&#8222;<strong>Unternehmen<\/strong>&#8222;, &#8222;<strong>wir<\/strong>&#8222;, &#8222;<strong>uns<\/strong>&#8220; und &#8222;<strong>unser<\/strong>&#8222;) Cookies und \u00e4hnliche Technologien verwendet, um Sie zu erkennen, wenn Sie unsere Websites unter <a href=\"https:\/\/uk.shop.mindclashgames.com\">https:\/\/uk.shop.mindclashgames.com<\/a> (&#8222;<strong>Websites<\/strong>&#8222;) besuchen. Sie erkl\u00e4rt, was diese Technologien sind und warum wir sie verwenden, sowie Ihre Rechte, unsere Verwendung zu kontrollieren.<\/p>\n\n\n\n<p>In einigen F\u00e4llen k\u00f6nnen wir Cookies verwenden, um personenbezogene Daten zu sammeln, oder die zu personenbezogenen Daten werden, wenn wir sie mit anderen Daten kombinieren.<\/p>\n\n\n\n<h2 class=\"wp-block-heading\">Was sind Cookies?<\/h2>\n\n\n\n<p>Cookies sind kleine Datendateien, die auf Ihrem Computer oder Mobilger\u00e4t gespeichert werden, wenn Sie eine Website besuchen. Cookies werden von Website-Betreibern h\u00e4ufig verwendet, um ihre Websites funktionsf\u00e4hig zu machen oder effizienter zu gestalten und um Informationen f\u00fcr die Berichterstattung bereitzustellen.<\/p>\n\n\n\n<p>Cookies, die vom Eigent\u00fcmer der Website (in diesem Fall Mindclash Games GmbH) gesetzt werden, nennt man &#8222;First Party Cookies&#8220;. Cookies, die von anderen Parteien als dem Eigent\u00fcmer der Website gesetzt werden, werden als &#8222;Drittanbieter-Cookies&#8220; bezeichnet. Cookies von Drittanbietern erm\u00f6glichen es, dass Funktionen von Drittanbietern auf oder \u00fcber die Website bereitgestellt werden k\u00f6nnen (z. B. Werbung, interaktive Inhalte und Analysen). Die Parteien, die diese Drittanbieter-Cookies setzen, k\u00f6nnen Ihren Computer sowohl beim Besuch der fraglichen Website als auch beim Besuch bestimmter anderer Websites erkennen.<\/p>\n\n\n\n<h2 class=\"wp-block-heading\">Warum verwenden wir Cookies?<\/h2>\n\n\n\n<p>Wir verwenden Cookies von Erst- und Drittanbietern aus verschiedenen Gr\u00fcnden. Einige Cookies sind aus technischen Gr\u00fcnden erforderlich, damit unsere Websites funktionieren, und wir bezeichnen diese als &#8222;wesentliche&#8220; oder &#8222;unbedingt notwendige&#8220; Cookies. Andere Cookies erm\u00f6glichen es uns au\u00dferdem, die Interessen unserer Nutzer zu verfolgen und gezielt zu verfolgen, um die Erfahrung auf unseren Online-Eigenschaften zu verbessern. Dritte setzen \u00fcber unsere Websites Cookies zu Werbe-, Analyse- und anderen Zwecken ein. Dies wird im Folgenden n\u00e4her beschrieben.<\/p>\n\n\n\n<p>Die spezifischen Arten von Cookies von Erstanbietern und Drittanbietern, die \u00fcber unsere Websites verwendet werden, und die Zwecke, die sie erf\u00fcllen, werden im Folgenden beschrieben (bitte beachten Sie, dass die spezifischen Cookies, die verwendet werden, je nach den spezifischen Online-Eigenschaften, die Sie besuchen, variieren k\u00f6nnen):<\/p>\n\n\n\n<h2 class=\"wp-block-heading\">Wie kann ich Cookies kontrollieren?<\/h2>\n\n\n\n<p>Sie haben das Recht zu entscheiden, ob Sie Cookies akzeptieren oder ablehnen wollen. Sie k\u00f6nnen Ihre Rechte in Bezug auf Cookies aus\u00fcben, indem Sie Ihre Einstellungen im Cookie Consent Manager vornehmen. Mit dem Cookie Consent Manager k\u00f6nnen Sie ausw\u00e4hlen, welche Kategorien von Cookies Sie akzeptieren oder ablehnen. Unverzichtbare Cookies k\u00f6nnen nicht abgelehnt werden, da sie unbedingt erforderlich sind, um Ihnen Dienste zur Verf\u00fcgung zu stellen.<\/p>\n\n\n\n<p>Den Cookie Consent Manager finden Sie im Benachrichtigungsbanner und auf unserer Website. Wenn Sie sich entscheiden, Cookies abzulehnen, k\u00f6nnen Sie unsere Website weiterhin nutzen, auch wenn Ihr Zugang zu einigen Funktionen und Bereichen unserer Website eingeschr\u00e4nkt sein kann. Sie k\u00f6nnen auch Ihren Webbrowser so einstellen oder \u00e4ndern, dass er Cookies akzeptiert oder ablehnt. Da die Mittel, mit denen Sie Cookies \u00fcber Ihre Webbrowser-Steuerung ablehnen k\u00f6nnen, von Browser zu Browser unterschiedlich sind, sollten Sie das Hilfemen\u00fc Ihres Browsers f\u00fcr weitere Informationen besuchen.<\/p>\n\n\n\n<p>Au\u00dferdem bieten Ihnen die meisten Werbenetzwerke eine M\u00f6glichkeit, gezielte Werbung abzulehnen. Wenn Sie weitere Informationen w\u00fcnschen, besuchen Sie bitte <a href=\"http:\/\/www.aboutads.info\/choices\/\">http:\/\/www.aboutads.info\/choices\/<\/a> oder <a href=\"http:\/\/www.youronlinechoices.com\">http:\/\/www.youronlinechoices.com<\/a>.<\/p>\n\n\n\n<p>Die spezifischen Arten von Cookies von Erstanbietern und Drittanbietern, die \u00fcber unsere Websites verwendet werden, und die Zwecke, die sie erf\u00fcllen, sind in der nachstehenden Tabelle beschrieben (bitte beachten Sie, dass die spezifischen Cookies, die verwendet werden, je nach den von Ihnen besuchten Online-Eigenschaften variieren k\u00f6nnen):<\/p>\n\n\n\n<p><strong>Wesentliche Website-Cookies:<\/strong><\/p>\n\n\n\n<p>Diese Cookies sind unbedingt erforderlich, um Ihnen die \u00fcber unsere Websites verf\u00fcgbaren Dienste zur Verf\u00fcgung zu stellen und einige ihrer Funktionen zu nutzen, wie z. B. den Zugang zu sicheren Bereichen.<\/p>\n\n\n\n<p>Name:__tlbcpv<br>Zweck:Dient zur Aufzeichnung der einmaligen Besucheraufrufe des Einwilligungsbanners.<br>Anbieter:.termly.io<br>Dienst:Termly View Service Datenschutzrichtlinie<br>Land:Vereinigte Staaten<br>Typ:http_cookie<br>G\u00fcltig bis:1 Jahr<\/p>\n\n\n\n<h2 class=\"wp-block-heading\">Was ist mit anderen Verfolgungstechnologien wie Web-Beacons?<\/h2>\n\n\n\n<p>Cookies sind nicht die einzige M\u00f6glichkeit, Besucher einer Website zu erkennen oder zu verfolgen. Wir k\u00f6nnen von Zeit zu Zeit auch andere, \u00e4hnliche Technologien verwenden, wie z. B. Web-Beacons (manchmal auch &#8222;Z\u00e4hlpixel&#8220; oder &#8222;Clear Gifs&#8220; genannt). Dabei handelt es sich um winzige Grafikdateien, die eine eindeutige Kennung enthalten, mit deren Hilfe wir erkennen k\u00f6nnen, ob jemand unsere Websites besucht oder eine E-Mail ge\u00f6ffnet hat, die sie enth\u00e4lt. Auf diese Weise k\u00f6nnen wir z. B. die Verkehrsmuster der Nutzer von einer Seite innerhalb einer Website zu einer anderen \u00fcberwachen, Cookies zustellen oder mit ihnen kommunizieren, erkennen, ob Sie \u00fcber eine Online-Werbung, die auf einer Website eines Dritten angezeigt wird, auf die Website gelangt sind, die Leistung der Website verbessern und den Erfolg von E-Mail-Marketingkampagnen messen. In vielen F\u00e4llen sind diese Technologien auf Cookies angewiesen, um ordnungsgem\u00e4\u00df zu funktionieren, so dass die Ablehnung von Cookies deren Funktion beeintr\u00e4chtigt.<\/p>\n\n\n\n<h2 class=\"wp-block-heading\"><strong>Verwenden Sie Flash-Cookies oder Local Shared Objects?<\/strong><\/h2>\n\n\n\n<p>Websites k\u00f6nnen auch sogenannte &#8222;Flash Cookies&#8220; (auch bekannt als Local Shared Objects oder &#8222;LSOs&#8220;) verwenden, um unter anderem Informationen \u00fcber Ihre Nutzung unserer Dienste zu sammeln und zu speichern, um Betrug vorzubeugen und um andere Funktionen der Website zu nutzen.<\/p>\n\n\n\n<p>Wenn Sie nicht m\u00f6chten, dass Flash-Cookies auf Ihrem Computer gespeichert werden, k\u00f6nnen Sie die Einstellungen Ihres Flash-Players so anpassen, dass die Speicherung von Flash-Cookies blockiert wird, indem Sie die Tools im Einstellungsbereich f\u00fcr die Website-Speicherung verwenden. Sie k\u00f6nnen Flash-Cookies auch kontrollieren, indem Sie das Panel f\u00fcr globale Speichereinstellungen aufrufen und die Anweisungen befolgen (die Anweisungen k\u00f6nnen z. B. erl\u00e4utern, wie bestehende Flash-Cookies (auf der Macromedia-Website als &#8222;Informationen&#8220; bezeichnet) gel\u00f6scht werden k\u00f6nnen, wie verhindert werden kann, dass Flash-LSOs ungefragt auf Ihrem Computer abgelegt werden, und (f\u00fcr Flash Player 8 und h\u00f6her) wie Flash-Cookies blockiert werden k\u00f6nnen, die nicht vom Betreiber der Seite, auf der Sie sich gerade befinden, bereitgestellt werden).<\/p>\n\n\n\n<p>Bitte beachten Sie, dass die Einstellung des Flash-Players, die Annahme von Flash-Cookies einzuschr\u00e4nken oder zu begrenzen, die Funktionalit\u00e4t einiger Flash-Anwendungen einschr\u00e4nken oder behindern kann, darunter m\u00f6glicherweise auch Flash-Anwendungen, die in Verbindung mit unseren Diensten oder Online-Inhalten verwendet werden.<\/p>\n\n\n\n<h2 class=\"wp-block-heading\"><strong>Schalten Sie gezielte Werbung?<\/strong><\/h2>\n\n\n\n<p>Dritte k\u00f6nnen Cookies auf Ihrem Computer oder Mobilger\u00e4t platzieren, um Werbung \u00fcber unsere Websites zu schalten. Diese Unternehmen k\u00f6nnen Informationen \u00fcber Ihre Besuche auf dieser und anderen Websites verwenden, um Ihnen relevante Werbung f\u00fcr Waren und Dienstleistungen anzubieten, an denen Sie interessiert sein k\u00f6nnten. Sie k\u00f6nnen auch Technologien einsetzen, um die Wirksamkeit der Werbung zu messen. Dies kann durch die Verwendung von Cookies oder Web Beacons geschehen, um Informationen \u00fcber Ihre Besuche auf dieser und anderen Websites zu sammeln und Ihnen relevante Werbung f\u00fcr Waren und Dienstleistungen, die f\u00fcr Sie von Interesse sein k\u00f6nnten, anzubieten. Die auf diese Weise gesammelten Informationen erm\u00f6glichen es weder uns noch ihnen, Ihren Namen, Ihre Kontaktdaten oder andere Angaben, die Sie direkt identifizieren, zu ermitteln, es sei denn, Sie geben diese freiwillig an.<\/p>\n\n\n\n<h2 class=\"wp-block-heading\"><strong>Wie oft werden Sie diese Cookie-Richtlinie aktualisieren?<\/strong><\/h2>\n\n\n\n<p>Wir k\u00f6nnen diese Cookie-Richtlinie von Zeit zu Zeit aktualisieren, um z. B. \u00c4nderungen an den von uns verwendeten Cookies zu ber\u00fccksichtigen oder aus anderen betrieblichen, rechtlichen oder regulatorischen Gr\u00fcnden. Bitte besuchen Sie diese Cookie-Richtlinie daher regelm\u00e4\u00dfig, um sich \u00fcber unsere Verwendung von Cookies und verwandten Technologien zu informieren.<\/p>\n\n\n\n<p>Das Datum am oberen Rand dieser Cookie-Richtlinie zeigt an, wann sie zuletzt aktualisiert wurde.<\/p>\n\n\n\n<h2 class=\"wp-block-heading\"><strong>Wo kann ich weitere Informationen erhalten?<\/strong><\/h2>\n\n\n\n<p>Wenn Sie Fragen zu unserer Verwendung von Cookies oder anderen Technologien haben, senden Sie uns bitte eine E-Mail an info@mindclashgames.com oder per Post an:<\/p>\n\n\n\n<p>Mindclash Games GmbH<br>Adlerstra\u00dfe 34<br>90403 N\u00fcrnberg<br>Bayern, Deutschland<\/p>\n\n\n\n<p>Telefon: (+36)303773737<\/p>\n\n\n\n<a href=\"https:\/\/www.iubenda.com\/privacy-policy\/18636677\/cookie-policy\" class=\"iubenda-white no-brand iubenda-noiframe iubenda-embed iubenda-noiframe iub-body-embed\" title=\"Cookie-Richtlinie\">Cookie-Richtlinie<\/a><script type=\"text\/javascript\">(function (w,d) {var loader = function () {var s = d.createElement(\"script\"), tag = d.getElementsByTagName(\"script\")[0]; s.src=\"https:\/\/cdn.iubenda.com\/iubenda.js\"; tag.parentNode.insertBefore(s,tag);}; if(w.addEventListener){w.addEventListener(\"load\", loader, false);}else if(w.attachEvent){w.attachEvent(\"onload\", loader);}else{w.onload = loader;}})(window, document);<\/script>\n","protected":false},"excerpt":{"rendered":"<p>Zuletzt aktualisiert am 21. Januar 2022 Diese Cookie-Richtlinie erkl\u00e4rt, wie Mindclash Games GmbH (&#8222;Unternehmen&#8222;, &#8222;wir&#8222;, &#8222;uns&#8220; und &#8222;unser&#8222;) Cookies und \u00e4hnliche Technologien verwendet, um Sie zu erkennen, wenn Sie unsere Websites unter https:\/\/uk.shop.mindclashgames.com (&#8222;Websites&#8222;) besuchen. Sie erkl\u00e4rt, was diese Technologien sind und warum wir sie verwenden, sowie Ihre Rechte, unsere Verwendung zu kontrollieren. In einigen [&hellip;]<\/p>\n","protected":false},"author":3,"featured_media":0,"parent":0,"menu_order":0,"comment_status":"closed","ping_status":"closed","template":"","meta":{"footnotes":""},"class_list":["post-1286","page","type-page","status-publish","hentry"],"_links":{"self":[{"href":"https:\/\/uk.shop.mindclashgames.com\/de\/wp-json\/wp\/v2\/pages\/1286","targetHints":{"allow":["GET"]}}],"collection":[{"href":"https:\/\/uk.shop.mindclashgames.com\/de\/wp-json\/wp\/v2\/pages"}],"about":[{"href":"https:\/\/uk.shop.mindclashgames.com\/de\/wp-json\/wp\/v2\/types\/page"}],"author":[{"embeddable":true,"href":"https:\/\/uk.shop.mindclashgames.com\/de\/wp-json\/wp\/v2\/users\/3"}],"replies":[{"embeddable":true,"href":"https:\/\/uk.shop.mindclashgames.com\/de\/wp-json\/wp\/v2\/comments?post=1286"}],"version-history":[{"count":2,"href":"https:\/\/uk.shop.mindclashgames.com\/de\/wp-json\/wp\/v2\/pages\/1286\/revisions"}],"predecessor-version":[{"id":1293,"href":"https:\/\/uk.shop.mindclashgames.com\/de\/wp-json\/wp\/v2\/pages\/1286\/revisions\/1293"}],"wp:attachment":[{"href":"https:\/\/uk.shop.mindclashgames.com\/de\/wp-json\/wp\/v2\/media?parent=1286"}],"curies":[{"name":"wp","href":"https:\/\/api.w.org\/{rel}","templated":true}]}}